{"id":3677,"date":"2026-03-11T20:08:09","date_gmt":"2026-03-11T13:08:09","guid":{"rendered":"https:\/\/demo.icanread.vn\/?page_id=3677"},"modified":"2026-03-27T00:27:22","modified_gmt":"2026-03-26T17:27:22","slug":"chuong-trinh-online","status":"publish","type":"page","link":"https:\/\/demo.icanread.vn\/en\/chuong-trinh-online\/","title":{"rendered":"\u270f\ufe0f Ch\u01b0\u01a1ng tr\u00ecnh Online"},"content":{"rendered":"<div data-elementor-type=\"wp-page\" data-elementor-id=\"3677\" class=\"elementor elementor-3677\" data-elementor-post-type=\"page\">\n\t\t\t\t<div class=\"elementor-element elementor-element-13b9a3e e-con-full e-flex e-con e-parent\" data-id=\"13b9a3e\" data-element_type=\"container\">\n\t\t\t\t<div class=\"elementor-element elementor-element-5a51ee9 elementor--h-position-left elementor--v-position-middle elementor-widget elementor-widget-slides\" data-id=\"5a51ee9\" data-element_type=\"widget\" data-settings=\"{&quot;navigation&quot;:&quot;none&quot;,&quot;autoplay&quot;:&quot;yes&quot;,&quot;pause_on_hover&quot;:&quot;yes&quot;,&quot;pause_on_interaction&quot;:&quot;yes&quot;,&quot;autoplay_speed&quot;:5000,&quot;infinite&quot;:&quot;yes&quot;,&quot;transition&quot;:&quot;slide&quot;,&quot;transition_speed&quot;:500}\" data-widget_type=\"slides.default\">\n\t\t\t\t\t\t\t\t\t\t<div class=\"elementor-slides-wrapper elementor-main-swiper swiper\" role=\"region\" aria-roledescription=\"carousel\" aria-label=\"Slides\" dir=\"ltr\" data-animation=\"fadeInUp\">\n\t\t\t\t<div class=\"swiper-wrapper elementor-slides\">\n\t\t\t\t\t\t\t\t\t\t<div class=\"elementor-repeater-item-2dac065 swiper-slide\" role=\"group\" aria-roledescription=\"slide\"><div class=\"swiper-slide-bg\" role=\"img\" aria-label=\"KID-Online\"><\/div><div class=\"swiper-slide-inner\" ><div class=\"swiper-slide-contents\"><div class=\"elementor-slide-heading\">CH\u01af\u01a0NG TR\u00ccNH ONLINE<\/div><div class=\"elementor-slide-description\">Trong k\u1ef7 nguy\u00ean c\u00f4ng ngh\u1ec7 v\u00e0 k\u1ebft n\u1ed1i to\u00e0n c\u1ea7u, I Can Read m\u1edf r\u1ed9ng h\u1ec7 sinh th\u00e1i gi\u00e1o d\u1ee5c c\u1ee7a m\u00ecnh th\u00f4ng qua ch\u01b0\u01a1ng tr\u00ecnh h\u1ecdc tr\u1ef1c tuy\u1ebfn, gi\u00fap h\u1ecdc sinh ti\u1ebfp c\u1eadn n\u1ec1n t\u1ea3ng h\u1ecdc t\u1eadp chu\u1ea9n qu\u1ed1c t\u1ebf m\u1ecdi l\u00fac, m\u1ecdi n\u01a1i. K\u1ebft h\u1ee3p c\u00f4ng ngh\u1ec7 gi\u00e1o d\u1ee5c hi\u1ec7n \u0111\u1ea1i v\u00e0 ph\u01b0\u01a1ng ph\u00e1p gi\u1ea3ng d\u1ea1y khoa h\u1ecdc, ch\u01b0\u01a1ng tr\u00ecnh gi\u00fap h\u1ecdc sinh h\u1ecdc t\u1eadp ch\u1ee7 \u0111\u1ed9ng, hi\u1ec7u qu\u1ea3 v\u00e0 ph\u00e1t tri\u1ec3n b\u1ec1n v\u1eefng m\u00e0 kh\u00f4ng b\u1ecb gi\u1edbi h\u1ea1n v\u1ec1 kh\u00f4ng gian v\u00e0 th\u1eddi gian.<\/div><\/div><\/div><\/div>\t\t\t\t<\/div>\n\t\t\t\t\t\t\t<\/div>\n\t\t\t\t\t\t\t\t<\/div>\n\t\t\t\t<\/div>\n\t\t<div class=\"elementor-element elementor-element-d6d32ff e-flex e-con-boxed e-con e-parent\" data-id=\"d6d32ff\" data-element_type=\"container\">\n\t\t\t\t\t<div class=\"e-con-inner\">\n\t\t\t\t<div class=\"elementor-element elementor-element-78853e7 elementor-widget elementor-widget-heading\" data-id=\"78853e7\" data-element_type=\"widget\" data-widget_type=\"heading.default\">\n\t\t\t\t\t<h2 class=\"elementor-heading-title elementor-size-default\">GI\u00c1 TR\u1eca N\u1ed4I B\u1eacT<\/h2>\t\t\t\t<\/div>\n\t\t<div class=\"elementor-element elementor-element-efa31ae e-grid e-con-full e-con e-child\" data-id=\"efa31ae\" data-element_type=\"container\">\n\t\t<div class=\"elementor-element elementor-element-057157b e-con-full e-flex e-con e-child\" data-id=\"057157b\" data-element_type=\"container\" data-settings=\"{&quot;background_background&quot;:&quot;classic&quot;}\">\n\t\t<div class=\"elementor-element elementor-element-c103568 e-con-full e-flex e-con e-child\" data-id=\"c103568\" data-element_type=\"container\" data-settings=\"{&quot;background_background&quot;:&quot;classic&quot;}\">\n\t\t<div class=\"elementor-element elementor-element-99a6d79 e-con-full e-flex e-con e-child\" data-id=\"99a6d79\" data-element_type=\"container\" data-settings=\"{&quot;background_background&quot;:&quot;classic&quot;}\">\n\t\t<div class=\"elementor-element elementor-element-e69283a e-con-full e-flex e-con e-child\" data-id=\"e69283a\" data-element_type=\"container\">\n\t\t\t\t<div class=\"elementor-element elementor-element-440e2e2 elementor-widget__width-initial elementor-widget-tablet__width-initial elementor-widget elementor-widget-text-editor\" data-id=\"440e2e2\" data-element_type=\"widget\" data-widget_type=\"text-editor.default\">\n\t\t\t\t\t\t\t\t\t<p>1<\/p>\t\t\t\t\t\t\t\t<\/div>\n\t\t\t\t<div class=\"elementor-element elementor-element-756618e elementor-widget elementor-widget-text-editor\" data-id=\"756618e\" data-element_type=\"widget\" data-widget_type=\"text-editor.default\">\n\t\t\t\t\t\t\t\t\t<p>Ti\u1ec7n l\u1ee3i, linh ho\u1ea1t gi\u00fap con c\u00f3 th\u1ec3 ch\u1ee7 \u0111\u1ed9ng h\u1ecdc t\u1eadp v\u00e0 d\u1ec5 d\u00e0ng duy tr\u00ec vi\u1ec7c h\u1ecdc ti\u1ebfng Anh \u0111\u1ec1u \u0111\u1eb7n d\u00f9 \u1edf b\u1ea5t c\u1ee9 \u0111\u00e2u.<\/p>\t\t\t\t\t\t\t\t<\/div>\n\t\t\t\t<\/div>\n\t\t\t\t<\/div>\n\t\t\t\t<\/div>\n\t\t\t\t<div class=\"elementor-element elementor-element-aef5ac5 elementor-widget elementor-widget-image\" data-id=\"aef5ac5\" data-element_type=\"widget\" data-widget_type=\"image.default\">\n\t\t\t\t\t\t\t\t\t\t\t\t\t\t\t<img fetchpriority=\"high\" decoding=\"async\" width=\"700\" height=\"400\" src=\"https:\/\/demo.icanread.vn\/wp-content\/uploads\/2026\/03\/kidcpt.webp\" class=\"attachment-full size-full wp-image-3715\" alt=\"\" srcset=\"https:\/\/demo.icanread.vn\/wp-content\/uploads\/2026\/03\/kidcpt.webp 700w, https:\/\/demo.icanread.vn\/wp-content\/uploads\/2026\/03\/kidcpt-300x171.webp 300w, https:\/\/demo.icanread.vn\/wp-content\/uploads\/2026\/03\/kidcpt-18x10.webp 18w, https:\/\/demo.icanread.vn\/wp-content\/uploads\/2026\/03\/kidcpt-24x14.webp 24w, https:\/\/demo.icanread.vn\/wp-content\/uploads\/2026\/03\/kidcpt-36x21.webp 36w, https:\/\/demo.icanread.vn\/wp-content\/uploads\/2026\/03\/kidcpt-48x27.webp 48w\" sizes=\"(max-width: 700px) 100vw, 700px\" \/>\t\t\t\t\t\t\t\t\t\t\t\t\t\t\t<\/div>\n\t\t\t\t<\/div>\n\t\t<div class=\"elementor-element elementor-element-b128e76 e-con-full e-flex e-con e-child\" data-id=\"b128e76\" data-element_type=\"container\" data-settings=\"{&quot;background_background&quot;:&quot;classic&quot;}\">\n\t\t<div class=\"elementor-element elementor-element-fabdd93 e-con-full e-flex e-con e-child\" data-id=\"fabdd93\" data-element_type=\"container\" data-settings=\"{&quot;background_background&quot;:&quot;classic&quot;}\">\n\t\t<div class=\"elementor-element elementor-element-9a35976 e-con-full e-flex e-con e-child\" data-id=\"9a35976\" data-element_type=\"container\" data-settings=\"{&quot;background_background&quot;:&quot;classic&quot;}\">\n\t\t<div class=\"elementor-element elementor-element-dfa56ca e-con-full e-flex e-con e-child\" data-id=\"dfa56ca\" data-element_type=\"container\">\n\t\t\t\t<div class=\"elementor-element elementor-element-346037a elementor-widget__width-initial elementor-widget-tablet__width-initial elementor-widget elementor-widget-text-editor\" data-id=\"346037a\" data-element_type=\"widget\" data-widget_type=\"text-editor.default\">\n\t\t\t\t\t\t\t\t\t<p>2<\/p>\t\t\t\t\t\t\t\t<\/div>\n\t\t\t\t<div class=\"elementor-element elementor-element-e6e78d2 elementor-widget elementor-widget-text-editor\" data-id=\"e6e78d2\" data-element_type=\"widget\" data-widget_type=\"text-editor.default\">\n\t\t\t\t\t\t\t\t\t<p>C\u00f3 l\u1ed9 tr\u00ecnh c\u00e1 nh\u00e2n h\u00f3a v\u00e0 \u0111\u01b0\u1ee3c theo d\u00f5i, \u0111\u00e1nh gi\u00e1 s\u00e1t sao \u0111\u1ec3 con ti\u1ebfn b\u1ed9 nhanh h\u01a1n, \u0111\u00fang v\u1edbi n\u0103ng l\u1ef1c v\u00e0 m\u1ee5c ti\u00eau h\u1ecdc t\u1eadp c\u00e1 nh\u00e2n.<\/p>\t\t\t\t\t\t\t\t<\/div>\n\t\t\t\t<\/div>\n\t\t\t\t<\/div>\n\t\t\t\t<\/div>\n\t\t\t\t<div class=\"elementor-element elementor-element-db94cfa elementor-widget elementor-widget-image\" data-id=\"db94cfa\" data-element_type=\"widget\" data-widget_type=\"image.default\">\n\t\t\t\t\t\t\t\t\t\t\t\t\t\t\t<img loading=\"lazy\" decoding=\"async\" width=\"700\" height=\"400\" src=\"https:\/\/demo.icanread.vn\/wp-content\/uploads\/2026\/03\/screenonline.webp\" class=\"attachment-full size-full wp-image-3717\" alt=\"\" srcset=\"https:\/\/demo.icanread.vn\/wp-content\/uploads\/2026\/03\/screenonline.webp 700w, https:\/\/demo.icanread.vn\/wp-content\/uploads\/2026\/03\/screenonline-300x171.webp 300w, https:\/\/demo.icanread.vn\/wp-content\/uploads\/2026\/03\/screenonline-18x10.webp 18w, https:\/\/demo.icanread.vn\/wp-content\/uploads\/2026\/03\/screenonline-24x14.webp 24w, https:\/\/demo.icanread.vn\/wp-content\/uploads\/2026\/03\/screenonline-36x21.webp 36w, https:\/\/demo.icanread.vn\/wp-content\/uploads\/2026\/03\/screenonline-48x27.webp 48w\" sizes=\"(max-width: 700px) 100vw, 700px\" \/>\t\t\t\t\t\t\t\t\t\t\t\t\t\t\t<\/div>\n\t\t\t\t<\/div>\n\t\t<div class=\"elementor-element elementor-element-d1c08f8 e-con-full e-flex e-con e-child\" data-id=\"d1c08f8\" data-element_type=\"container\" data-settings=\"{&quot;background_background&quot;:&quot;classic&quot;}\">\n\t\t<div class=\"elementor-element elementor-element-8aa0adb e-con-full e-flex e-con e-child\" data-id=\"8aa0adb\" data-element_type=\"container\" data-settings=\"{&quot;background_background&quot;:&quot;classic&quot;}\">\n\t\t<div class=\"elementor-element elementor-element-36d840e e-con-full e-flex e-con e-child\" data-id=\"36d840e\" data-element_type=\"container\" data-settings=\"{&quot;background_background&quot;:&quot;classic&quot;}\">\n\t\t<div class=\"elementor-element elementor-element-b10e8fe e-con-full e-flex e-con e-child\" data-id=\"b10e8fe\" data-element_type=\"container\">\n\t\t\t\t<div class=\"elementor-element elementor-element-ee7428d elementor-widget__width-initial elementor-widget-tablet__width-initial elementor-widget elementor-widget-text-editor\" data-id=\"ee7428d\" data-element_type=\"widget\" data-widget_type=\"text-editor.default\">\n\t\t\t\t\t\t\t\t\t<p>3<\/p>\t\t\t\t\t\t\t\t<\/div>\n\t\t\t\t<div class=\"elementor-element elementor-element-9a99f94 elementor-widget elementor-widget-text-editor\" data-id=\"9a99f94\" data-element_type=\"widget\" data-widget_type=\"text-editor.default\">\n\t\t\t\t\t\t\t\t\t<p>\u0110\u01b0\u1ee3c th\u1ef1c h\u00e0nh t\u01b0\u01a1ng t\u00e1c hai chi\u1ec1u nh\u01b0 l\u1edbp h\u1ecdc tr\u1ef1c ti\u1ebfp c\u00f9ng gi\u00e1o vi\u00ean n\u01b0\u1edbc ngo\u00e0i, gi\u00fap con t\u0103ng kh\u1ea3 n\u0103ng giao ti\u1ebfp, ph\u1ea3n x\u1ea1 ti\u1ebfng Anh.<\/p>\t\t\t\t\t\t\t\t<\/div>\n\t\t\t\t<\/div>\n\t\t\t\t<\/div>\n\t\t\t\t<\/div>\n\t\t\t\t<div class=\"elementor-element elementor-element-f6c220d elementor-widget elementor-widget-image\" data-id=\"f6c220d\" data-element_type=\"widget\" data-widget_type=\"image.default\">\n\t\t\t\t\t\t\t\t\t\t\t\t\t\t\t<img loading=\"lazy\" decoding=\"async\" width=\"700\" height=\"400\" src=\"https:\/\/demo.icanread.vn\/wp-content\/uploads\/2026\/03\/TA1.webp\" class=\"attachment-full size-full wp-image-3484\" alt=\"\" srcset=\"https:\/\/demo.icanread.vn\/wp-content\/uploads\/2026\/03\/TA1.webp 700w, https:\/\/demo.icanread.vn\/wp-content\/uploads\/2026\/03\/TA1-300x171.webp 300w, https:\/\/demo.icanread.vn\/wp-content\/uploads\/2026\/03\/TA1-18x10.webp 18w, https:\/\/demo.icanread.vn\/wp-content\/uploads\/2026\/03\/TA1-24x14.webp 24w, https:\/\/demo.icanread.vn\/wp-content\/uploads\/2026\/03\/TA1-36x21.webp 36w, https:\/\/demo.icanread.vn\/wp-content\/uploads\/2026\/03\/TA1-48x27.webp 48w\" sizes=\"(max-width: 700px) 100vw, 700px\" \/>\t\t\t\t\t\t\t\t\t\t\t\t\t\t\t<\/div>\n\t\t\t\t<\/div>\n\t\t<div class=\"elementor-element elementor-element-8ed5dee e-con-full e-flex e-con e-child\" data-id=\"8ed5dee\" data-element_type=\"container\" data-settings=\"{&quot;background_background&quot;:&quot;classic&quot;}\">\n\t\t<div class=\"elementor-element elementor-element-1460d57 e-con-full e-flex e-con e-child\" data-id=\"1460d57\" data-element_type=\"container\" data-settings=\"{&quot;background_background&quot;:&quot;classic&quot;}\">\n\t\t<div class=\"elementor-element elementor-element-9a3b122 e-con-full e-flex e-con e-child\" data-id=\"9a3b122\" data-element_type=\"container\" data-settings=\"{&quot;background_background&quot;:&quot;classic&quot;}\">\n\t\t<div class=\"elementor-element elementor-element-dfa4d62 e-con-full e-flex e-con e-child\" data-id=\"dfa4d62\" data-element_type=\"container\">\n\t\t\t\t<div class=\"elementor-element elementor-element-6f83919 elementor-widget__width-initial elementor-widget-tablet__width-initial elementor-widget elementor-widget-text-editor\" data-id=\"6f83919\" data-element_type=\"widget\" data-widget_type=\"text-editor.default\">\n\t\t\t\t\t\t\t\t\t<p>4<\/p>\t\t\t\t\t\t\t\t<\/div>\n\t\t\t\t<div class=\"elementor-element elementor-element-0e09af0 elementor-widget elementor-widget-text-editor\" data-id=\"0e09af0\" data-element_type=\"widget\" data-widget_type=\"text-editor.default\">\n\t\t\t\t\t\t\t\t\t<p>D\u1ec5 d\u00e0ng h\u1ecdc l\u1ea1i b\u00e0i c\u0169 gi\u00fap con c\u1ee7ng c\u1ed1 ki\u1ebfn th\u1ee9c v\u00e0 \u00f4n t\u1eadp ch\u1ee7 \u0111\u1ed9ng \u0111\u1ec3 hi\u1ec3u b\u00e0i s\u00e2u h\u01a1n, kh\u1eafc ph\u1ee5c \u0111i\u1ec3m y\u1ebfu v\u00e0 t\u0103ng kh\u1ea3 n\u0103ng ghi nh\u1edb th\u00f4ng qua n\u1ec1n t\u1ea3ng ClassIn.<\/p>\t\t\t\t\t\t\t\t<\/div>\n\t\t\t\t<\/div>\n\t\t\t\t<\/div>\n\t\t\t\t<\/div>\n\t\t\t\t<div class=\"elementor-element elementor-element-c81709b elementor-widget elementor-widget-image\" data-id=\"c81709b\" data-element_type=\"widget\" data-widget_type=\"image.default\">\n\t\t\t\t\t\t\t\t\t\t\t\t\t\t\t<img loading=\"lazy\" decoding=\"async\" width=\"700\" height=\"400\" src=\"https:\/\/demo.icanread.vn\/wp-content\/uploads\/2026\/03\/winonll.webp\" class=\"attachment-full size-full wp-image-3719\" alt=\"\" srcset=\"https:\/\/demo.icanread.vn\/wp-content\/uploads\/2026\/03\/winonll.webp 700w, https:\/\/demo.icanread.vn\/wp-content\/uploads\/2026\/03\/winonll-300x171.webp 300w, https:\/\/demo.icanread.vn\/wp-content\/uploads\/2026\/03\/winonll-18x10.webp 18w, https:\/\/demo.icanread.vn\/wp-content\/uploads\/2026\/03\/winonll-24x14.webp 24w, https:\/\/demo.icanread.vn\/wp-content\/uploads\/2026\/03\/winonll-36x21.webp 36w, https:\/\/demo.icanread.vn\/wp-content\/uploads\/2026\/03\/winonll-48x27.webp 48w\" sizes=\"auto, (max-width: 700px) 100vw, 700px\" \/>\t\t\t\t\t\t\t\t\t\t\t\t\t\t\t<\/div>\n\t\t\t\t<\/div>\n\t\t\t\t<\/div>\n\t\t<div class=\"elementor-element elementor-element-48aa661 e-con-full e-flex e-con e-child\" data-id=\"48aa661\" data-element_type=\"container\" data-settings=\"{&quot;background_background&quot;:&quot;classic&quot;}\">\n\t\t<div class=\"elementor-element elementor-element-663aab4 e-grid e-con-full e-con e-child\" data-id=\"663aab4\" data-element_type=\"container\">\n\t\t\t\t<div class=\"elementor-element elementor-element-9e67b87 elementor-widget elementor-widget-video\" data-id=\"9e67b87\" data-element_type=\"widget\" data-settings=\"{&quot;video_type&quot;:&quot;hosted&quot;,&quot;autoplay&quot;:&quot;yes&quot;,&quot;mute&quot;:&quot;yes&quot;,&quot;loop&quot;:&quot;yes&quot;}\" data-widget_type=\"video.default\">\n\t\t\t\t\t\t\t<div class=\"e-hosted-video elementor-wrapper elementor-open-inline\">\n\t\t\t\t\t<video class=\"elementor-video\" src=\"https:\/\/demo.icanread.vn\/wp-content\/uploads\/2026\/03\/homepage_classin.mp4\" autoplay=\"\" loop=\"\" muted=\"muted\" controlslist=\"nodownload\"><\/video>\n\t\t\t\t<\/div>\n\t\t\t\t\t\t<\/div>\n\t\t<div class=\"elementor-element elementor-element-85d76a9 e-con-full e-flex e-con e-child\" data-id=\"85d76a9\" data-element_type=\"container\">\n\t\t\t\t<div class=\"elementor-element elementor-element-3c78fd3 elementor-widget elementor-widget-image\" data-id=\"3c78fd3\" data-element_type=\"widget\" data-widget_type=\"image.default\">\n\t\t\t\t\t\t\t\t\t\t\t\t\t\t\t<img decoding=\"async\" src=\"https:\/\/demo.icanread.vn\/wp-content\/uploads\/2026\/03\/logo.svg\" class=\"attachment-full size-full wp-image-4249\" alt=\"\" \/>\t\t\t\t\t\t\t\t\t\t\t\t\t\t\t<\/div>\n\t\t\t\t<div class=\"elementor-element elementor-element-a72c609 elementor-widget elementor-widget-heading\" data-id=\"a72c609\" data-element_type=\"widget\" data-widget_type=\"heading.default\">\n\t\t\t\t\t<h2 class=\"elementor-heading-title elementor-size-default\">MANG TR\u1ea2I NGHI\u1ec6M L\u1edaP H\u1eccC TRUY\u1ec0N TH\u1ed0NG V\u00c0O KH\u00d4NG GIAN TR\u1ef0C TUY\u1ebeN<\/h2>\t\t\t\t<\/div>\n\t\t\t\t<div class=\"elementor-element elementor-element-cf86f66 elementor-widget elementor-widget-text-editor\" data-id=\"cf86f66\" data-element_type=\"widget\" data-widget_type=\"text-editor.default\">\n\t\t\t\t\t\t\t\t\t<p>N\u1ec1n t\u1ea3ng ClassIn \u0111\u01b0\u1ee3c thi\u1ebft k\u1ebf chuy\u00ean bi\u1ec7t cho gi\u00e1o d\u1ee5c, gi\u00fap vi\u1ec7c h\u1ecdc online c\u1ee7a h\u1ecdc sinh tr\u1edf n\u00ean sinh \u0111\u1ed9ng v\u00e0 t\u01b0\u01a1ng t\u00e1c nh\u01b0 \u0111ang h\u1ecdc tr\u1ef1c ti\u1ebfp. Th\u00f4ng qua b\u1ea3ng vi\u1ebft, ho\u1ea1t \u0111\u1ed9ng t\u01b0\u01a1ng t\u00e1c hai chi\u1ec1u v\u00e0 c\u00e1c c\u00f4ng c\u1ee5 gi\u1ea3ng d\u1ea1y chuy\u00ean bi\u1ec7t, h\u1ecdc sinh kh\u00f4ng ch\u1ec9 ti\u1ebfp thu ki\u1ebfn th\u1ee9c m\u00e0 c\u00f2n ch\u1ee7 \u0111\u1ed9ng tham gia, th\u1ef1c h\u00e0nh v\u00e0 ph\u1ea3n x\u1ea1 li\u00ean t\u1ee5c. Nh\u1edd \u0111\u00f3, vi\u1ec7c h\u1ecdc c\u1ee7a con kh\u00f4ng c\u00f2n l\u00e0 \u201cng\u1ed3i xem m\u00e0n h\u00ecnh\u201d m\u00e0 tr\u1edf th\u00e0nh m\u1ed9t tr\u1ea3i nghi\u1ec7m h\u1ecdc t\u1eadp th\u1ef1c s\u1ef1 \u2013 n\u01a1i con \u0111\u01b0\u1ee3c k\u1ebft n\u1ed1i, \u0111\u01b0\u1ee3c d\u1eabn d\u1eaft v\u00e0 x\u00e2y d\u1ef1ng n\u1ec1n t\u1ea3ng ki\u1ebfn th\u1ee9c m\u1ed9t c\u00e1ch t\u1ef1 nhi\u00ean.<\/p>\t\t\t\t\t\t\t\t<\/div>\n\t\t\t\t<\/div>\n\t\t\t\t<\/div>\n\t\t\t\t<\/div>\n\t\t\t\t\t<\/div>\n\t\t\t\t<\/div>\n\t\t\t\t<\/div>","protected":false},"excerpt":{"rendered":"<p>CH\u01af\u01a0NG TR\u00ccNH ONLINETrong k\u1ef7 nguy\u00ean c\u00f4ng ngh\u1ec7 v\u00e0 k\u1ebft n\u1ed1i to\u00e0n c\u1ea7u, I Can Read m\u1edf r\u1ed9ng h\u1ec7 sinh th\u00e1i gi\u00e1o d\u1ee5c c\u1ee7a m\u00ecnh th\u00f4ng qua ch\u01b0\u01a1ng tr\u00ecnh h\u1ecdc tr\u1ef1c tuy\u1ebfn, gi\u00fap h\u1ecdc sinh ti\u1ebfp c\u1eadn n\u1ec1n t\u1ea3ng h\u1ecdc t\u1eadp chu\u1ea9n qu\u1ed1c t\u1ebf m\u1ecdi l\u00fac, m\u1ecdi n\u01a1i. K\u1ebft h\u1ee3p c\u00f4ng ngh\u1ec7 gi\u00e1o d\u1ee5c hi\u1ec7n \u0111\u1ea1i [&hellip;]<\/p>","protected":false},"author":1,"featured_media":0,"parent":0,"menu_order":0,"comment_status":"closed","ping_status":"closed","template":"","meta":{"footnotes":""},"class_list":["post-3677","page","type-page","status-publish","hentry"],"_links":{"self":[{"href":"https:\/\/demo.icanread.vn\/en\/wp-json\/wp\/v2\/pages\/3677","targetHints":{"allow":["GET"]}}],"collection":[{"href":"https:\/\/demo.icanread.vn\/en\/wp-json\/wp\/v2\/pages"}],"about":[{"href":"https:\/\/demo.icanread.vn\/en\/wp-json\/wp\/v2\/types\/page"}],"author":[{"embeddable":true,"href":"https:\/\/demo.icanread.vn\/en\/wp-json\/wp\/v2\/users\/1"}],"replies":[{"embeddable":true,"href":"https:\/\/demo.icanread.vn\/en\/wp-json\/wp\/v2\/comments?post=3677"}],"version-history":[{"count":0,"href":"https:\/\/demo.icanread.vn\/en\/wp-json\/wp\/v2\/pages\/3677\/revisions"}],"wp:attachment":[{"href":"https:\/\/demo.icanread.vn\/en\/wp-json\/wp\/v2\/media?parent=3677"}],"curies":[{"name":"wp","href":"https:\/\/api.w.org\/{rel}","templated":true}]}}