{"id":2353,"date":"2025-12-30T15:42:34","date_gmt":"2025-12-26T15:38:25","guid":{"rendered":"https:\/\/demo.icanread.vn\/?page_id=1540"},"modified":"2026-03-24T01:35:45","modified_gmt":"2026-03-23T18:35:45","slug":"tam-nhin-su-menh","status":"publish","type":"page","link":"https:\/\/demo.icanread.vn\/en\/tam-nhin-su-menh\/","title":{"rendered":"T\u1ea7m nh\u00ecn &#038; S\u1ee9 m\u1ec7nh"},"content":{"rendered":"<div data-elementor-type=\"wp-page\" data-elementor-id=\"2353\" class=\"elementor elementor-2353\" data-elementor-post-type=\"page\">\n\t\t\t\t<div class=\"elementor-element elementor-element-97931ff e-con-full e-flex e-con e-parent\" data-id=\"97931ff\" data-element_type=\"container\">\n\t\t\t\t<div class=\"elementor-element elementor-element-7a70391 elementor--h-position-right elementor--v-position-bottom elementor-arrows-position-inside elementor-pagination-position-inside elementor-widget elementor-widget-slides\" data-id=\"7a70391\" data-element_type=\"widget\" data-settings=\"{&quot;navigation&quot;:&quot;both&quot;,&quot;autoplay&quot;:&quot;yes&quot;,&quot;pause_on_hover&quot;:&quot;yes&quot;,&quot;pause_on_interaction&quot;:&quot;yes&quot;,&quot;autoplay_speed&quot;:5000,&quot;infinite&quot;:&quot;yes&quot;,&quot;transition&quot;:&quot;slide&quot;,&quot;transition_speed&quot;:500}\" data-widget_type=\"slides.default\">\n\t\t\t\t\t\t\t\t\t\t<div class=\"elementor-slides-wrapper elementor-main-swiper swiper\" role=\"region\" aria-roledescription=\"carousel\" aria-label=\"Slides\" dir=\"ltr\" data-animation=\"fadeInUp\">\n\t\t\t\t<div class=\"swiper-wrapper elementor-slides\">\n\t\t\t\t\t\t\t\t\t\t<div class=\"elementor-repeater-item-2541f9a swiper-slide\" role=\"group\" aria-roledescription=\"slide\"><div class=\"swiper-slide-bg\" role=\"img\" aria-label=\"1DSC03530\"><\/div><div class=\"swiper-slide-inner\" ><div class=\"swiper-slide-contents\"><div class=\"elementor-slide-description\">T\u1ea1i I Can Read, ch\u00fang t\u00f4i kh\u00f4ng ch\u1ec9 d\u1ea1y ng\u00f4n ng\u1eef, m\u00e0 \u0111ang x\u00e2y d\u1ef1ng m\u1ed9t n\u1ec1n t\u1ea3ng ki\u1ebfn th\u1ee9c v\u1eefng ch\u1eafc, gi\u00fap c\u00e1c em h\u1ecdc sinh ph\u00e1t tri\u1ec3n t\u01b0 duy, kh\u1ea3 n\u0103ng h\u1ecdc thu\u1eadt, \u0111\u1ec3 m\u1edf l\u1ed1i cho m\u1ed9t th\u1ebf h\u1ec7 t\u1ef1 tin b\u01b0\u1edbc ra th\u1ebf gi\u1edbi ng\u00e0y mai!<br><br>\n<strong>Ph\u1ea1m Minh Tr\u00ed - CEO I Can Read Vietnam<\/div><\/div><\/div><\/div>\t\t\t\t<\/div>\n\t\t\t\t\t\t\t<\/div>\n\t\t\t\t\t\t\t\t<\/div>\n\t\t\t\t<\/div>\n\t\t<div class=\"elementor-element elementor-element-573150d e-grid e-con-full animated-fast elementor-invisible e-con e-parent\" data-id=\"573150d\" data-element_type=\"container\" data-settings=\"{&quot;animation&quot;:&quot;fadeInUp&quot;}\">\n\t\t<div class=\"elementor-element elementor-element-4213fff e-con-full e-flex e-con e-child\" data-id=\"4213fff\" data-element_type=\"container\" data-settings=\"{&quot;background_background&quot;:&quot;classic&quot;}\">\n\t\t\t\t<\/div>\n\t\t<div class=\"elementor-element elementor-element-3f93d02 e-con-full e-flex e-con e-child\" data-id=\"3f93d02\" data-element_type=\"container\" data-settings=\"{&quot;background_background&quot;:&quot;classic&quot;}\">\n\t\t<div class=\"elementor-element elementor-element-8b0d2ba e-con-full e-flex e-con e-child\" data-id=\"8b0d2ba\" data-element_type=\"container\">\n\t\t\t\t<div class=\"elementor-element elementor-element-f13b50b elementor-widget elementor-widget-heading\" data-id=\"f13b50b\" data-element_type=\"widget\" data-widget_type=\"heading.default\">\n\t\t\t\t\t<h2 class=\"elementor-heading-title elementor-size-default\">T\u1ea6M NH\u00ccN<\/h2>\t\t\t\t<\/div>\n\t\t\t\t<div class=\"elementor-element elementor-element-f0dcb86 elementor-widget elementor-widget-text-editor\" data-id=\"f0dcb86\" data-element_type=\"widget\" data-widget_type=\"text-editor.default\">\n\t\t\t\t\t\t\t\t\t<p>I Can Read h\u01b0\u1edbng \u0111\u1ebfn x\u00e2y d\u1ef1ng m\u1ed9t h\u1ec7 sinh th\u00e1i gi\u00e1o d\u1ee5c n\u01a1i m\u1ed7i h\u1ecdc sinh \u0111\u01b0\u1ee3c ph\u00e1t tri\u1ec3n to\u00e0n di\u1ec7n v\u1ec1 ng\u00f4n ng\u1eef, t\u01b0 duy v\u00e0 k\u1ef9 n\u0103ng, \u0111\u1ec3 ch\u1ea1m \u0111\u1ebfn vinh quang trong h\u1ecdc t\u1eadp v\u00e0 s\u1eb5n s\u00e0ng tr\u1edf th\u00e0nh m\u1ed9t c\u00f4ng d\u00e2n to\u00e0n c\u1ea7u t\u00e0i n\u0103ng.<\/p>\t\t\t\t\t\t\t\t<\/div>\n\t\t\t\t<\/div>\n\t\t\t\t<\/div>\n\t\t\t\t<\/div>\n\t\t<div class=\"elementor-element elementor-element-fb82989 e-grid e-con-full animated-fast elementor-invisible e-con e-parent\" data-id=\"fb82989\" data-element_type=\"container\" data-settings=\"{&quot;animation&quot;:&quot;fadeInUp&quot;}\">\n\t\t<div class=\"elementor-element elementor-element-e11fc5d e-con-full e-flex e-con e-child\" data-id=\"e11fc5d\" data-element_type=\"container\" data-settings=\"{&quot;background_background&quot;:&quot;classic&quot;}\">\n\t\t<div class=\"elementor-element elementor-element-f8a31dd e-con-full e-flex e-con e-child\" data-id=\"f8a31dd\" data-element_type=\"container\">\n\t\t\t\t<div class=\"elementor-element elementor-element-feb9c9b elementor-widget elementor-widget-heading\" data-id=\"feb9c9b\" data-element_type=\"widget\" data-widget_type=\"heading.default\">\n\t\t\t\t\t<h2 class=\"elementor-heading-title elementor-size-default\">S\u1ee8 M\u1ec6NH<\/h2>\t\t\t\t<\/div>\n\t\t\t\t<div class=\"elementor-element elementor-element-f6962b9 elementor-widget elementor-widget-text-editor\" data-id=\"f6962b9\" data-element_type=\"widget\" data-widget_type=\"text-editor.default\">\n\t\t\t\t\t\t\t\t\t<p>I Can Read cam k\u1ebft mang \u0111\u1ebfn ch\u01b0\u01a1ng tr\u00ecnh gi\u1ea3ng d\u1ea1y v\u00e0 ph\u01b0\u01a1ng ph\u00e1p h\u1ecdc h\u00e0ng \u0111\u1ea7u, v\u1edbi \u0111\u1ed9i ng\u0169 gi\u00e1o vi\u00ean ch\u1ea5t l\u01b0\u1ee3ng v\u00e0 m\u00f4i tr\u01b0\u1eddng h\u1ecdc t\u1eadp t\u00edch c\u1ef1c, \u0111\u01b0\u1ee3c tri\u1ec3n khai nh\u1ea5t qu\u00e1n tr\u00ean h\u1ec7 th\u1ed1ng to\u00e0n c\u1ea7u, \u0111\u1ec3 gi\u00fap h\u1ecdc sinh x\u00e2y d\u1ef1ng n\u1ec1n t\u1ea3ng ng\u00f4n ng\u1eef t\u1eeb g\u1ed1c, s\u1eb5n s\u00e0ng b\u1ee9t ph\u00e1 \u1edf c\u00e1c c\u1ea5p h\u1ecdc cao h\u01a1n v\u00e0 t\u1ef1 tin tr\u1edf th\u00e0nh m\u1ed9t c\u00f4ng d\u00e2n to\u00e0n c\u1ea7u \u01b0u t\u00fa.<\/p>\t\t\t\t\t\t\t\t<\/div>\n\t\t\t\t<\/div>\n\t\t\t\t<\/div>\n\t\t<div class=\"elementor-element elementor-element-f8474f6 e-con-full e-flex e-con e-child\" data-id=\"f8474f6\" data-element_type=\"container\" data-settings=\"{&quot;background_background&quot;:&quot;classic&quot;}\">\n\t\t\t\t<\/div>\n\t\t\t\t<\/div>\n\t\t<div class=\"elementor-element elementor-element-83a5311 e-grid e-con-full animated-fast elementor-invisible e-con e-parent\" data-id=\"83a5311\" data-element_type=\"container\" data-settings=\"{&quot;animation&quot;:&quot;fadeInUp&quot;}\">\n\t\t<div class=\"elementor-element elementor-element-768515a e-con-full e-flex e-con e-child\" data-id=\"768515a\" data-element_type=\"container\" data-settings=\"{&quot;background_background&quot;:&quot;classic&quot;}\">\n\t\t\t\t<\/div>\n\t\t<div class=\"elementor-element elementor-element-ea1977f e-con-full e-flex e-con e-child\" data-id=\"ea1977f\" data-element_type=\"container\" data-settings=\"{&quot;background_background&quot;:&quot;classic&quot;}\">\n\t\t<div class=\"elementor-element elementor-element-70f127f e-con-full e-flex e-con e-child\" data-id=\"70f127f\" data-element_type=\"container\">\n\t\t\t\t<div class=\"elementor-element elementor-element-2495a8f elementor-widget elementor-widget-heading\" data-id=\"2495a8f\" data-element_type=\"widget\" data-widget_type=\"heading.default\">\n\t\t\t\t\t<h2 class=\"elementor-heading-title elementor-size-default\">Gi\u00e1 tr\u1ecb C\u1ed1t l\u00f5i<\/h2>\t\t\t\t<\/div>\n\t\t<div class=\"elementor-element elementor-element-da7391c e-con-full e-flex e-con e-child\" data-id=\"da7391c\" data-element_type=\"container\">\n\t\t<div class=\"elementor-element elementor-element-e4d6755 e-con-full e-flex e-con e-child\" data-id=\"e4d6755\" data-element_type=\"container\">\n\t\t<div class=\"elementor-element elementor-element-f68e82d e-con-full e-flex e-con e-child\" data-id=\"f68e82d\" data-element_type=\"container\">\n\t\t\t\t<div class=\"elementor-element elementor-element-a5683b2 elementor-widget__width-initial elementor-widget elementor-widget-text-editor\" data-id=\"a5683b2\" data-element_type=\"widget\" data-widget_type=\"text-editor.default\">\n\t\t\t\t\t\t\t\t\t<p>1<\/p>\t\t\t\t\t\t\t\t<\/div>\n\t\t\t\t<div class=\"elementor-element elementor-element-170bf2c elementor-widget elementor-widget-text-editor\" data-id=\"170bf2c\" data-element_type=\"widget\" data-widget_type=\"text-editor.default\">\n\t\t\t\t\t\t\t\t\t<p>M\u1ecdi ph\u01b0\u01a1ng ph\u00e1p v\u00e0 ho\u1ea1t \u0111\u1ed9ng t\u1ea1i I Can Read \u0111\u1ec1u h\u01b0\u1edbng \u0111\u1ebfn s\u1ef1 ti\u1ebfn b\u1ed9 v\u00e0 tr\u1ea3i nghi\u1ec7m h\u1ecdc t\u1eadp t\u00edch c\u1ef1c c\u1ee7a h\u1ecdc sinh.<\/p>\t\t\t\t\t\t\t\t<\/div>\n\t\t\t\t<\/div>\n\t\t<div class=\"elementor-element elementor-element-810b939 e-con-full e-flex e-con e-child\" data-id=\"810b939\" data-element_type=\"container\">\n\t\t\t\t<div class=\"elementor-element elementor-element-5f57881 elementor-widget__width-initial elementor-widget elementor-widget-text-editor\" data-id=\"5f57881\" data-element_type=\"widget\" data-widget_type=\"text-editor.default\">\n\t\t\t\t\t\t\t\t\t<p>2<\/p>\t\t\t\t\t\t\t\t<\/div>\n\t\t\t\t<div class=\"elementor-element elementor-element-f2df15d elementor-widget elementor-widget-text-editor\" data-id=\"f2df15d\" data-element_type=\"widget\" data-widget_type=\"text-editor.default\">\n\t\t\t\t\t\t\t\t\t<p>Ki\u00ean \u0111\u1ecbnh v\u1edbi c\u00e1c ti\u00eau chu\u1ea9n gi\u1ea3ng d\u1ea1y v\u00e0 \u0111\u00e0o t\u1ea1o theo chu\u1ea9n qu\u1ed1c t\u1ebf, \u0111\u1ea3m b\u1ea3o ch\u1ea5t l\u01b0\u1ee3ng \u0111\u1ed3ng b\u1ed9 t\u1ea1i m\u1ecdi trung t\u00e2m.<\/p>\t\t\t\t\t\t\t\t<\/div>\n\t\t\t\t<\/div>\n\t\t<div class=\"elementor-element elementor-element-e253de9 e-con-full e-flex e-con e-child\" data-id=\"e253de9\" data-element_type=\"container\">\n\t\t\t\t<div class=\"elementor-element elementor-element-4253666 elementor-widget__width-initial elementor-widget elementor-widget-text-editor\" data-id=\"4253666\" data-element_type=\"widget\" data-widget_type=\"text-editor.default\">\n\t\t\t\t\t\t\t\t\t<p>3<\/p>\t\t\t\t\t\t\t\t<\/div>\n\t\t\t\t<div class=\"elementor-element elementor-element-122bb2a elementor-widget elementor-widget-text-editor\" data-id=\"122bb2a\" data-element_type=\"widget\" data-widget_type=\"text-editor.default\">\n\t\t\t\t\t\t\t\t\t<p>Lu\u00f4n \u0111\u1eb7t tr\u00e1ch nhi\u1ec7m gi\u00e1o d\u1ee5c v\u00e0 s\u1ef1 ph\u00e1t tri\u1ec3n c\u1ee7a h\u1ecdc sinh l\u00ean h\u00e0ng \u0111\u1ea7u trong m\u1ecdi quy\u1ebft \u0111\u1ecbnh.<\/p>\t\t\t\t\t\t\t\t<\/div>\n\t\t\t\t<\/div>\n\t\t<div class=\"elementor-element elementor-element-d747661 e-con-full e-flex e-con e-child\" data-id=\"d747661\" data-element_type=\"container\">\n\t\t\t\t<div class=\"elementor-element elementor-element-831bbf8 elementor-widget__width-initial elementor-widget elementor-widget-text-editor\" data-id=\"831bbf8\" data-element_type=\"widget\" data-widget_type=\"text-editor.default\">\n\t\t\t\t\t\t\t\t\t<p>4<\/p>\t\t\t\t\t\t\t\t<\/div>\n\t\t\t\t<div class=\"elementor-element elementor-element-55c27c9 elementor-widget elementor-widget-text-editor\" data-id=\"55c27c9\" data-element_type=\"widget\" data-widget_type=\"text-editor.default\">\n\t\t\t\t\t\t\t\t\t<p>Li\u00ean t\u1ee5c nghi\u00ean c\u1ee9u, c\u1ea3i ti\u1ebfn ph\u01b0\u01a1ng ph\u00e1p v\u00e0 tr\u1ea3i nghi\u1ec7m h\u1ecdc t\u1eadp \u0111\u1ec3 ph\u00f9 h\u1ee3p v\u1edbi s\u1ef1 thay \u0111\u1ed5i c\u1ee7a x\u00e3 h\u1ed9i.<\/p>\t\t\t\t\t\t\t\t<\/div>\n\t\t\t\t<\/div>\n\t\t\t\t<\/div>\n\t\t\t\t<\/div>\n\t\t\t\t<\/div>\n\t\t\t\t<\/div>\n\t\t\t\t<\/div>\n\t\t\t\t<\/div>","protected":false},"excerpt":{"rendered":"<p>T\u1ea1i I Can Read, ch\u00fang t\u00f4i kh\u00f4ng ch\u1ec9 d\u1ea1y ng\u00f4n ng\u1eef, m\u00e0 \u0111ang x\u00e2y d\u1ef1ng m\u1ed9t n\u1ec1n t\u1ea3ng ki\u1ebfn th\u1ee9c v\u1eefng ch\u1eafc, gi\u00fap c\u00e1c em h\u1ecdc sinh ph\u00e1t tri\u1ec3n t\u01b0 duy, kh\u1ea3 n\u0103ng h\u1ecdc thu\u1eadt, \u0111\u1ec3 m\u1edf l\u1ed1i cho m\u1ed9t th\u1ebf h\u1ec7 t\u1ef1 tin b\u01b0\u1edbc ra th\u1ebf gi\u1edbi ng\u00e0y mai! Ph\u1ea1m Minh Tr\u00ed &#8211; CEO [&hellip;]<\/p>","protected":false},"author":1,"featured_media":0,"parent":0,"menu_order":0,"comment_status":"closed","ping_status":"closed","template":"","meta":{"footnotes":""},"class_list":["post-2353","page","type-page","status-publish","hentry"],"_links":{"self":[{"href":"https:\/\/demo.icanread.vn\/en\/wp-json\/wp\/v2\/pages\/2353","targetHints":{"allow":["GET"]}}],"collection":[{"href":"https:\/\/demo.icanread.vn\/en\/wp-json\/wp\/v2\/pages"}],"about":[{"href":"https:\/\/demo.icanread.vn\/en\/wp-json\/wp\/v2\/types\/page"}],"author":[{"embeddable":true,"href":"https:\/\/demo.icanread.vn\/en\/wp-json\/wp\/v2\/users\/1"}],"replies":[{"embeddable":true,"href":"https:\/\/demo.icanread.vn\/en\/wp-json\/wp\/v2\/comments?post=2353"}],"version-history":[{"count":0,"href":"https:\/\/demo.icanread.vn\/en\/wp-json\/wp\/v2\/pages\/2353\/revisions"}],"wp:attachment":[{"href":"https:\/\/demo.icanread.vn\/en\/wp-json\/wp\/v2\/media?parent=2353"}],"curies":[{"name":"wp","href":"https:\/\/api.w.org\/{rel}","templated":true}]}}