{"id":1546,"date":"2025-12-26T15:39:04","date_gmt":"2025-12-26T15:39:04","guid":{"rendered":"https:\/\/demo.icanread.vn\/?page_id=1546"},"modified":"2026-03-25T22:46:14","modified_gmt":"2026-03-25T15:46:14","slug":"tuyen-dung","status":"publish","type":"page","link":"https:\/\/demo.icanread.vn\/en\/tuyen-dung\/","title":{"rendered":"Tuy\u1ec3n d\u1ee5ng"},"content":{"rendered":"<div data-elementor-type=\"wp-page\" data-elementor-id=\"1546\" class=\"elementor elementor-1546\" data-elementor-post-type=\"page\">\n\t\t\t\t<div class=\"elementor-element elementor-element-86fe248 e-con-full e-flex e-con e-parent\" data-id=\"86fe248\" data-element_type=\"container\">\n\t\t\t\t<div class=\"elementor-element elementor-element-fc4b22c elementor-widget elementor-widget-shortcode\" data-id=\"fc4b22c\" data-element_type=\"widget\" data-widget_type=\"shortcode.default\">\n\t\t\t\t\t\t\t<div class=\"elementor-shortcode\">    <div class=\"td-video-container\" id=\"container-td_vid_2088\">\n        <video id=\"td_vid_2088\" class=\"td-main-video\" autoplay loop playsinline>\n            <source src=\"https:\/\/demo.icanread.vn\/wp-content\/uploads\/2026\/03\/ezgif-2728f581e5b15b1d.webm\" type=\"video\/mp4\">\n        <\/video>\n\n        <div class=\"td-sticky-control\" data-target=\"td_vid_2088\">\n            <button class=\"td-mute-btn\">\n                <span class=\"td-mute-cross\"><\/span>\n                \n                <svg class=\"td-icon-speaker\" viewbox=\"0 0 24 24\">\n                    <path d=\"M3 9v6h4l5 5V4L7 9H3zm13.5 3c0-1.77-1.02-3.29-2.5-4.03v8.05c1.48-.73 2.5-2.25 2.5-4.02zM14 3.23v2.06c2.89.86 5 3.54 5 6.71s-2.11 5.85-5 6.71v2.06c4.01-.91 7-4.49 7-8.77s-2.99-7.86-7-8.77z\"\/>\n                <\/svg>\n\n                <div class=\"td-wave-bars\">\n                    <div class=\"td-bar\"><\/div>\n                    <div class=\"td-bar\"><\/div>\n                    <div class=\"td-bar\"><\/div>\n                    <div class=\"td-bar\"><\/div>\n                <\/div>\n            <\/button>\n        <\/div>\n    <\/div>\n\n    <style>\n        .td-video-container { position: relative; width: 100%; border-radius: 0px; overflow: hidden; margin-bottom: 20px; }\n        .td-main-video { width: 100%; display: block; }\n\n        \/* N\u00fat Sticky - C\u1ea5u h\u00ecnh chung *\/\n        .td-sticky-control {\n            position: fixed;\n            bottom: 40px; \/* M\u1eb7c \u0111\u1ecbnh tr\u00ean Desktop *\/\n            right: 40px;\n            z-index: 10000;\n        }\n\n        \/* --- T\u00d9Y CH\u1ec8NH RI\u00caNG CHO MOBILE --- *\/\n        @media screen and (max-width: 767px) {\n            .td-sticky-control {\n                bottom: 70px; \/* \u0110\u1ea9y l\u00ean th\u00eam 30px (40+30) *\/\n                right: 20px;  \/* Thu h\u1eb9p l\u1ec1 ph\u1ea3i m\u1ed9t ch\u00fat cho c\u00e2n \u0111\u1ed1i tr\u00ean m\u00e0n h\u00ecnh nh\u1ecf *\/\n            }\n        }\n\n        .td-mute-btn {\n            width: 60px;\n            height: 60px;\n            background: rgba(238, 238, 238, 0.2); \/* N\u1ec1n m\u1edd 0.2 *\/\n            backdrop-filter: blur(10px);\n            -webkit-backdrop-filter: blur(10px);\n            border: 1px solid rgba(255, 255, 255, 0.3);\n            border-radius: 50%;\n            cursor: pointer;\n            display: flex;\n            align-items: center;\n            justify-content: center;\n            position: relative;\n            transition: all 0.3s cubic-bezier(0.4, 0, 0.2, 1);\n            box-shadow: 0 8px 32px rgba(0,0,0,0.05);\n        }\n\n        .td-mute-btn:hover { background: rgba(238, 238, 238, 0.4); transform: scale(1.1); }\n\n        \/* Icon v\u00e0 G\u1ea1ch ch\u00e9o m\u00e0u x\u00e1m trung t\u00ednh *\/\n        .td-icon-speaker { width: 24px; height: 24px; fill: #888; z-index: 2; }\n        .td-mute-cross {\n            position: absolute;\n            width: 28px;\n            height: 1.5px;\n            background: #888;\n            transform: rotate(45deg);\n            z-index: 5;\n            opacity: 0;\n            transition: opacity 0.3s;\n        }\n        .td-mute-btn.is-muted .td-mute-cross { opacity: 1; }\n\n        \/* D\u1ea3i s\u00f3ng \u00e2m *\/\n        .td-wave-bars {\n            position: absolute;\n            bottom: 12px;\n            display: flex;\n            align-items: flex-end;\n            gap: 2px;\n            height: 12px;\n            opacity: 1;\n            transition: opacity 0.3s;\n        }\n        .td-mute-btn.is-muted .td-wave-bars { opacity: 0; }\n\n        .td-bar {\n            width: 3px;\n            background: #082d8b;\n            border-radius: 2px;\n            animation: td-bounce 0.6s ease-in-out infinite alternate;\n        }\n        .td-bar:nth-child(2) { animation-delay: 0.1s; }\n        .td-bar:nth-child(3) { animation-delay: 0.2s; }\n        .td-bar:nth-child(4) { animation-delay: 0.3s; }\n\n        @keyframes td-bounce {\n            from { height: 3px; }\n            to { height: 12px; }\n        }\n    <\/style>\n\n    <script>\n    (function() {\n        const container = document.getElementById('container-td_vid_2088');\n        const btn = container.querySelector('.td-mute-btn');\n        const video = document.getElementById('td_vid_2088');\n\n        if (btn && video) {\n            btn.onclick = function() {\n                if (video.muted) {\n                    video.muted = false;\n                    btn.classList.remove('is-muted');\n                } else {\n                    video.muted = true;\n                    btn.classList.add('is-muted');\n                }\n            };\n        }\n    })();\n    <\/script>\n    <\/div>\n\t\t\t\t\t\t<\/div>\n\t\t\t\t<\/div>\n\t\t<div class=\"elementor-element elementor-element-f22f38f e-flex e-con-boxed e-con e-parent\" data-id=\"f22f38f\" data-element_type=\"container\" data-settings=\"{&quot;background_background&quot;:&quot;classic&quot;}\">\n\t\t\t\t\t<div class=\"e-con-inner\">\n\t\t<div class=\"elementor-element elementor-element-d874e8d e-con-full e-flex e-con e-child\" data-id=\"d874e8d\" data-element_type=\"container\">\n\t\t\t\t<div class=\"elementor-element elementor-element-aa70a5a elementor-widget elementor-widget-heading\" data-id=\"aa70a5a\" data-element_type=\"widget\" data-widget_type=\"heading.default\">\n\t\t\t\t\t<h2 class=\"elementor-heading-title elementor-size-default\">TR\u1ede TH\u00c0NH GI\u00c1O VI\u00caN <br>T\u1ea0I I CAN READ<\/h2>\t\t\t\t<\/div>\n\t\t\t\t<div class=\"elementor-element elementor-element-a2ed8ab elementor-widget elementor-widget-heading\" data-id=\"a2ed8ab\" data-element_type=\"widget\" data-widget_type=\"heading.default\">\n\t\t\t\t\t<h2 class=\"elementor-heading-title elementor-size-default\">Truy\u1ec1n c\u1ea3m h\u1ee9ng - D\u1eabn l\u1ed1i t\u01b0\u01a1ng lai<\/h2>\t\t\t\t<\/div>\n\t\t\t\t<div class=\"elementor-element elementor-element-714c800 elementor-widget elementor-widget-text-editor\" data-id=\"714c800\" data-element_type=\"widget\" data-widget_type=\"text-editor.default\">\n\t\t\t\t\t\t\t\t\t<p>I Can Read ch\u00e0o \u0111\u00f3n c\u00e1c gi\u00e1o vi\u00ean gi\u1ea3ng d\u1ea1y ti\u1ebfng Anh, To\u00e1n t\u01b0 duy v\u00e0 Ti\u1ebfng Trung &#8211; nh\u1eefng ng\u01b0\u1eddi kh\u00f4ng ch\u1ec9 v\u1eefng chuy\u00ean m\u00f4n, v\u1edbi ch\u1ee9ng ch\u1ec9 gi\u1ea3ng d\u1ea1y qu\u1ed1c t\u1ebf m\u00e0 c\u00f2n gi\u00e0u t\u00e2m huy\u1ebft v\u1edbi ngh\u1ec1 v\u00e0 y\u00eau tr\u1ebb.<\/p><p>Gia nh\u1eadp \u0111\u1ed9i ng\u0169 gi\u00e1o vi\u00ean I Can Read, b\u1ea1n s\u1ebd \u0111\u01b0\u1ee3c \u0111\u00e0o t\u1ea1o b\u00e0i b\u1ea3n v\u1ec1 ph\u01b0\u01a1ng ph\u00e1p gi\u1ea3ng d\u1ea1y, \u0111\u01b0\u1ee3c l\u00e0m vi\u1ec7c trong m\u00f4i tr\u01b0\u1eddng chu\u1ea9n qu\u1ed1c t\u1ebf v\u00e0 c\u00f3 c\u01a1 h\u1ed9i ph\u00e1t tri\u1ec3n l\u00e2u d\u00e0i trong l\u0129nh v\u1ef1c gi\u00e1o d\u1ee5c \u0111\u1ec3 \u0111\u1ed3ng h\u00e0nh c\u00f9ng h\u1ecdc sinh tr\u00ean h\u00e0nh tr\u00ecnh x\u00e2y d\u1ef1ng n\u1ec1n t\u1ea3ng ng\u00f4n ng\u1eef v\u00e0 t\u01b0 duy, truy\u1ec1n c\u1ea3m h\u1ee9ng h\u1ecdc t\u1eadp v\u00e0 g\u00f3p ph\u1ea7n t\u1ea1o n\u00ean nh\u1eefng thay \u0111\u1ed5i t\u00edch c\u1ef1c cho th\u1ebf h\u1ec7 t\u01b0\u01a1ng lai.<\/p>\t\t\t\t\t\t\t\t<\/div>\n\t\t\t\t<div class=\"elementor-element elementor-element-5de63f9 elementor-align-left elementor-widget elementor-widget-button\" data-id=\"5de63f9\" data-element_type=\"widget\" data-widget_type=\"button.default\">\n\t\t\t\t\t\t\t\t\t\t<a class=\"elementor-button elementor-button-link elementor-size-sm\" href=\"https:\/\/career.icanread.vn\/\" target=\"_blank\">\n\t\t\t\t\t\t<span class=\"elementor-button-content-wrapper\">\n\t\t\t\t\t\t<span class=\"elementor-button-icon\">\n\t\t\t\t<svg aria-hidden=\"true\" class=\"e-font-icon-svg e-fas-arrow-right\" viewbox=\"0 0 448 512\" xmlns=\"http:\/\/www.w3.org\/2000\/svg\"><path d=\"M190.5 66.9l22.2-22.2c9.4-9.4 24.6-9.4 33.9 0L441 239c9.4 9.4 9.4 24.6 0 33.9L246.6 467.3c-9.4 9.4-24.6 9.4-33.9 0l-22.2-22.2c-9.5-9.5-9.3-25 .4-34.3L311.4 296H24c-13.3 0-24-10.7-24-24v-32c0-13.3 10.7-24 24-24h287.4L190.9 101.2c-9.8-9.3-10-24.8-.4-34.3z\"><\/path><\/svg>\t\t\t<\/span>\n\t\t\t\t\t\t\t\t\t<span class=\"elementor-button-text\">Xem th\u00eam<\/span>\n\t\t\t\t\t<\/span>\n\t\t\t\t\t<\/a>\n\t\t\t\t\t\t\t\t<\/div>\n\t\t\t\t<\/div>\n\t\t<div class=\"elementor-element elementor-element-c470c4f e-con-full e-flex e-con e-child\" data-id=\"c470c4f\" data-element_type=\"container\">\n\t\t\t\t<div class=\"elementor-element elementor-element-938f93a elementor-widget elementor-widget-image\" data-id=\"938f93a\" data-element_type=\"widget\" data-widget_type=\"image.default\">\n\t\t\t\t\t\t\t\t\t\t\t\t\t\t\t<img fetchpriority=\"high\" decoding=\"async\" width=\"1125\" height=\"960\" src=\"https:\/\/demo.icanread.vn\/wp-content\/uploads\/2026\/03\/Teacher.webp\" class=\"attachment-full size-full wp-image-3633\" alt=\"\" srcset=\"https:\/\/demo.icanread.vn\/wp-content\/uploads\/2026\/03\/Teacher.webp 1125w, https:\/\/demo.icanread.vn\/wp-content\/uploads\/2026\/03\/Teacher-300x256.webp 300w, https:\/\/demo.icanread.vn\/wp-content\/uploads\/2026\/03\/Teacher-1024x874.webp 1024w, https:\/\/demo.icanread.vn\/wp-content\/uploads\/2026\/03\/Teacher-768x655.webp 768w, https:\/\/demo.icanread.vn\/wp-content\/uploads\/2026\/03\/Teacher-14x12.webp 14w, https:\/\/demo.icanread.vn\/wp-content\/uploads\/2026\/03\/Teacher-24x20.webp 24w, https:\/\/demo.icanread.vn\/wp-content\/uploads\/2026\/03\/Teacher-36x31.webp 36w, https:\/\/demo.icanread.vn\/wp-content\/uploads\/2026\/03\/Teacher-48x41.webp 48w\" sizes=\"(max-width: 1125px) 100vw, 1125px\" \/>\t\t\t\t\t\t\t\t\t\t\t\t\t\t\t<\/div>\n\t\t\t\t<\/div>\n\t\t\t\t\t<\/div>\n\t\t\t\t<\/div>\n\t\t<div class=\"elementor-element elementor-element-f4fe9c9 e-flex e-con-boxed e-con e-parent\" data-id=\"f4fe9c9\" data-element_type=\"container\" data-settings=\"{&quot;background_background&quot;:&quot;classic&quot;}\">\n\t\t\t\t\t<div class=\"e-con-inner\">\n\t\t<div class=\"elementor-element elementor-element-de6e5af e-con-full e-flex e-con e-child\" data-id=\"de6e5af\" data-element_type=\"container\">\n\t\t\t\t<div class=\"elementor-element elementor-element-df2763d elementor-widget elementor-widget-heading\" data-id=\"df2763d\" data-element_type=\"widget\" data-widget_type=\"heading.default\">\n\t\t\t\t\t<h2 class=\"elementor-heading-title elementor-size-default\">TR\u1ede TH\u00c0NH NH\u00c2N VI\u00caN<br>T\u1ea0I I CAN READ<\/h2>\t\t\t\t<\/div>\n\t\t\t\t<div class=\"elementor-element elementor-element-b4163cf elementor-widget elementor-widget-heading\" data-id=\"b4163cf\" data-element_type=\"widget\" data-widget_type=\"heading.default\">\n\t\t\t\t\t<h2 class=\"elementor-heading-title elementor-size-default\">\u0110\u1ed3ng h\u00e0nh ph\u00e1t tri\u1ec3n - C\u00f9ng nhau t\u1ea1o gi\u00e1 tr\u1ecb<\/h2>\t\t\t\t<\/div>\n\t\t\t\t<div class=\"elementor-element elementor-element-7f67318 elementor-widget elementor-widget-text-editor\" data-id=\"7f67318\" data-element_type=\"widget\" data-widget_type=\"text-editor.default\">\n\t\t\t\t\t\t\t\t\t<p>I Can Read lu\u00f4n t\u00ecm ki\u1ebfm nh\u1eefng c\u1ed9ng s\u1ef1 nhi\u1ec7t huy\u1ebft \u1edf c\u00e1c v\u1ecb tr\u00ed tr\u1ee3 gi\u1ea3nh, chuy\u00ean vi\u00ean gi\u00e1o d\u1ee5c, v\u1eadn h\u00e0nh, h\u1ecdc v\u1ee5 v\u00e0 marketing \u2013 nh\u1eefng ng\u01b0\u1eddi g\u00f3p ph\u1ea7n x\u00e2y d\u1ef1ng tr\u1ea3i nghi\u1ec7m h\u1ecdc t\u1eadp tr\u1ecdn v\u1eb9n cho h\u1ecdc sinh v\u00e0 ph\u1ee5 huynh. Gia nh\u1eadp I Can Read, b\u1ea1n s\u1ebd \u0111\u01b0\u1ee3c l\u00e0m vi\u1ec7c trong m\u00f4i tr\u01b0\u1eddng n\u0103ng \u0111\u1ed9ng, c\u00f3 c\u01a1 h\u1ed9i h\u1ecdc h\u1ecfi, ph\u00e1t tri\u1ec3n k\u1ef9 n\u0103ng v\u00e0 x\u00e2y d\u1ef1ng s\u1ef1 nghi\u1ec7p b\u1ec1n v\u1eefng trong l\u0129nh v\u1ef1c gi\u00e1o d\u1ee5c.<\/p>\t\t\t\t\t\t\t\t<\/div>\n\t\t\t\t<div class=\"elementor-element elementor-element-e19b246 elementor-align-left elementor-widget elementor-widget-button\" data-id=\"e19b246\" data-element_type=\"widget\" data-widget_type=\"button.default\">\n\t\t\t\t\t\t\t\t\t\t<a class=\"elementor-button elementor-button-link elementor-size-sm\" href=\"https:\/\/career.icanread.vn\/\" target=\"_blank\">\n\t\t\t\t\t\t<span class=\"elementor-button-content-wrapper\">\n\t\t\t\t\t\t<span class=\"elementor-button-icon\">\n\t\t\t\t<svg aria-hidden=\"true\" class=\"e-font-icon-svg e-fas-arrow-right\" viewbox=\"0 0 448 512\" xmlns=\"http:\/\/www.w3.org\/2000\/svg\"><path d=\"M190.5 66.9l22.2-22.2c9.4-9.4 24.6-9.4 33.9 0L441 239c9.4 9.4 9.4 24.6 0 33.9L246.6 467.3c-9.4 9.4-24.6 9.4-33.9 0l-22.2-22.2c-9.5-9.5-9.3-25 .4-34.3L311.4 296H24c-13.3 0-24-10.7-24-24v-32c0-13.3 10.7-24 24-24h287.4L190.9 101.2c-9.8-9.3-10-24.8-.4-34.3z\"><\/path><\/svg>\t\t\t<\/span>\n\t\t\t\t\t\t\t\t\t<span class=\"elementor-button-text\">Xem th\u00eam<\/span>\n\t\t\t\t\t<\/span>\n\t\t\t\t\t<\/a>\n\t\t\t\t\t\t\t\t<\/div>\n\t\t\t\t<\/div>\n\t\t<div class=\"elementor-element elementor-element-24698b4 e-con-full e-flex e-con e-child\" data-id=\"24698b4\" data-element_type=\"container\">\n\t\t\t\t<div class=\"elementor-element elementor-element-fbaeb97 elementor-widget elementor-widget-image\" data-id=\"fbaeb97\" data-element_type=\"widget\" data-widget_type=\"image.default\">\n\t\t\t\t\t\t\t\t\t\t\t\t\t\t\t<img decoding=\"async\" width=\"1000\" height=\"751\" src=\"https:\/\/demo.icanread.vn\/wp-content\/uploads\/2026\/03\/team.webp\" class=\"attachment-full size-full wp-image-3639\" alt=\"\" srcset=\"https:\/\/demo.icanread.vn\/wp-content\/uploads\/2026\/03\/team.webp 1000w, https:\/\/demo.icanread.vn\/wp-content\/uploads\/2026\/03\/team-300x225.webp 300w, https:\/\/demo.icanread.vn\/wp-content\/uploads\/2026\/03\/team-768x577.webp 768w, https:\/\/demo.icanread.vn\/wp-content\/uploads\/2026\/03\/team-16x12.webp 16w, https:\/\/demo.icanread.vn\/wp-content\/uploads\/2026\/03\/team-24x18.webp 24w, https:\/\/demo.icanread.vn\/wp-content\/uploads\/2026\/03\/team-36x27.webp 36w, https:\/\/demo.icanread.vn\/wp-content\/uploads\/2026\/03\/team-48x36.webp 48w\" sizes=\"(max-width: 1000px) 100vw, 1000px\" \/>\t\t\t\t\t\t\t\t\t\t\t\t\t\t\t<\/div>\n\t\t\t\t<\/div>\n\t\t\t\t\t<\/div>\n\t\t\t\t<\/div>\n\t\t\t\t<\/div>","protected":false},"excerpt":{"rendered":"<p>TR\u1ede TH\u00c0NH GI\u00c1O VI\u00caN T\u1ea0I I CAN READ Truy\u1ec1n c\u1ea3m h\u1ee9ng &#8211; D\u1eabn l\u1ed1i t\u01b0\u01a1ng lai I Can Read ch\u00e0o \u0111\u00f3n c\u00e1c gi\u00e1o vi\u00ean gi\u1ea3ng d\u1ea1y ti\u1ebfng Anh, To\u00e1n t\u01b0 duy v\u00e0 Ti\u1ebfng Trung &#8211; nh\u1eefng ng\u01b0\u1eddi kh\u00f4ng ch\u1ec9 v\u1eefng chuy\u00ean m\u00f4n, v\u1edbi ch\u1ee9ng ch\u1ec9 gi\u1ea3ng d\u1ea1y qu\u1ed1c t\u1ebf m\u00e0 c\u00f2n gi\u00e0u t\u00e2m huy\u1ebft v\u1edbi [&hellip;]<\/p>","protected":false},"author":1,"featured_media":0,"parent":0,"menu_order":0,"comment_status":"closed","ping_status":"closed","template":"","meta":{"footnotes":""},"class_list":["post-1546","page","type-page","status-publish","hentry"],"_links":{"self":[{"href":"https:\/\/demo.icanread.vn\/en\/wp-json\/wp\/v2\/pages\/1546","targetHints":{"allow":["GET"]}}],"collection":[{"href":"https:\/\/demo.icanread.vn\/en\/wp-json\/wp\/v2\/pages"}],"about":[{"href":"https:\/\/demo.icanread.vn\/en\/wp-json\/wp\/v2\/types\/page"}],"author":[{"embeddable":true,"href":"https:\/\/demo.icanread.vn\/en\/wp-json\/wp\/v2\/users\/1"}],"replies":[{"embeddable":true,"href":"https:\/\/demo.icanread.vn\/en\/wp-json\/wp\/v2\/comments?post=1546"}],"version-history":[{"count":0,"href":"https:\/\/demo.icanread.vn\/en\/wp-json\/wp\/v2\/pages\/1546\/revisions"}],"wp:attachment":[{"href":"https:\/\/demo.icanread.vn\/en\/wp-json\/wp\/v2\/media?parent=1546"}],"curies":[{"name":"wp","href":"https:\/\/api.w.org\/{rel}","templated":true}]}}